{"id":2,"date":"2026-03-28T14:52:22","date_gmt":"2026-03-28T14:52:22","guid":{"rendered":"https:\/\/autoskupwawa.com\/?page_id=2"},"modified":"2026-03-30T18:05:16","modified_gmt":"2026-03-30T18:05:16","slug":"sample-page","status":"publish","type":"page","link":"https:\/\/autoskupwawa.com\/","title":{"rendered":"Strona g\u0142\u00f3wna"},"content":{"rendered":"<style>.kb-row-layout-id2_66efdd-31 > .kt-row-column-wrap{align-content:center;}:where(.kb-row-layout-id2_66efdd-31 > .kt-row-column-wrap) > .wp-block-kadence-column{justify-content:center;}.kb-row-layout-id2_66efdd-31 > .kt-row-column-wrap{column-gap:var(--global-kb-gap-md, 2rem);row-gap:var(--global-kb-gap-md, 2rem);padding-top:var(--global-kb-spacing-sm, 1.5rem);padding-bottom:var(--global-kb-spacing-sm, 1.5rem);min-height:700px;grid-template-columns:minmax(0, 1fr);}.kb-row-layout-id2_66efdd-31{background-image:url('https:\/\/autoskupwawa.com\/wp-content\/uploads\/2026\/03\/kagumedia-ford-5167838-1-scaled.jpg');background-size:cover;background-position:center center;background-attachment:scroll;background-repeat:no-repeat;}.kb-row-layout-id2_66efdd-31 > .kt-row-layout-overlay{opacity:0.30;}@media all and (max-width: 1024px){.kb-row-layout-id2_66efdd-31 > .kt-row-column-wrap{grid-template-columns:minmax(0, 1fr);}}@media all and (max-width: 767px){.kb-row-layout-id2_66efdd-31 > .kt-row-column-wrap{grid-template-columns:minmax(0, 1fr);}}<\/style><div class=\"kb-row-layout-wrap kb-row-layout-id2_66efdd-31 alignnone kt-row-has-bg wp-block-kadence-rowlayout\"><div class=\"kt-row-column-wrap kt-has-1-columns kt-row-layout-equal kt-tab-layout-inherit kt-mobile-layout-row kt-row-valign-middle\">\n<style>.kadence-column2_9d774f-5c > .kt-inside-inner-col,.kadence-column2_9d774f-5c > .kt-inside-inner-col:before{border-top-left-radius:0px;border-top-right-radius:0px;border-bottom-right-radius:0px;border-bottom-left-radius:0px;}.kadence-column2_9d774f-5c > .kt-inside-inner-col{column-gap:var(--global-kb-gap-sm, 1rem);}.kadence-column2_9d774f-5c > .kt-inside-inner-col{flex-direction:column;}.kadence-column2_9d774f-5c > .kt-inside-inner-col > .aligncenter{width:100%;}.kadence-column2_9d774f-5c > .kt-inside-inner-col:before{opacity:0.3;}.kadence-column2_9d774f-5c{position:relative;}@media all and (max-width: 1024px){.kadence-column2_9d774f-5c > .kt-inside-inner-col{flex-direction:column;justify-content:center;}}@media all and (max-width: 767px){.kadence-column2_9d774f-5c > .kt-inside-inner-col{flex-direction:column;justify-content:center;}}<\/style>\n<div class=\"wp-block-kadence-column kadence-column2_9d774f-5c\"><div class=\"kt-inside-inner-col\">\n<h1 class=\"wp-block-heading has-text-align-center has-theme-palette-9-color has-text-color has-link-color has-xxlarge-font-size wp-elements-919105824aa0e0b0af24091f45d742a9\" style=\"margin-top:0;margin-bottom:0\">Auto Skup Warszawa<\/h1>\n<\/div><\/div>\n\n<\/div><\/div>\n\n<style>.kb-row-layout-id2_cc1823-c4 > .kt-row-column-wrap{align-content:start;}:where(.kb-row-layout-id2_cc1823-c4 > .kt-row-column-wrap) > .wp-block-kadence-column{justify-content:start;}.kb-row-layout-id2_cc1823-c4 > .kt-row-column-wrap{column-gap:var(--global-kb-gap-md, 2rem);row-gap:var(--global-kb-gap-md, 2rem);max-width:1000px;margin-left:auto;margin-right:auto;padding-top:var(--global-kb-spacing-sm, 1.5rem);padding-bottom:var(--global-kb-spacing-sm, 1.5rem);grid-template-columns:minmax(0, 1fr);}.kb-row-layout-id2_cc1823-c4 > .kt-row-layout-overlay{opacity:0.30;}@media all and (max-width: 1024px){.kb-row-layout-id2_cc1823-c4 > .kt-row-column-wrap{grid-template-columns:minmax(0, 1fr);}}@media all and (max-width: 767px){.kb-row-layout-id2_cc1823-c4 > .kt-row-column-wrap{grid-template-columns:minmax(0, 1fr);}}<\/style><div class=\"kb-row-layout-wrap kb-row-layout-id2_cc1823-c4 alignnone wp-block-kadence-rowlayout\"><div class=\"kt-row-column-wrap kt-has-1-columns kt-row-layout-equal kt-tab-layout-inherit kt-mobile-layout-row kt-row-valign-top\">\n<style>.kadence-column2_59287f-92 > .kt-inside-inner-col,.kadence-column2_59287f-92 > .kt-inside-inner-col:before{border-top-left-radius:0px;border-top-right-radius:0px;border-bottom-right-radius:0px;border-bottom-left-radius:0px;}.kadence-column2_59287f-92 > .kt-inside-inner-col{column-gap:var(--global-kb-gap-sm, 1rem);}.kadence-column2_59287f-92 > .kt-inside-inner-col{flex-direction:column;}.kadence-column2_59287f-92 > .kt-inside-inner-col > .aligncenter{width:100%;}.kadence-column2_59287f-92 > .kt-inside-inner-col:before{opacity:0.3;}.kadence-column2_59287f-92{position:relative;}@media all and (max-width: 1024px){.kadence-column2_59287f-92 > .kt-inside-inner-col{flex-direction:column;justify-content:center;}}@media all and (max-width: 767px){.kadence-column2_59287f-92 > .kt-inside-inner-col{flex-direction:column;justify-content:center;}}<\/style>\n<div class=\"wp-block-kadence-column kadence-column2_59287f-92\"><div class=\"kt-inside-inner-col\">\n<h2 class=\"wp-block-heading alignfull has-text-align-center\" id=\"o-nas\">Skup Aut Warszawa i Okolice \u2013 Szybko, Rzetelnie i Bez Formalno\u015bci<\/h2>\n\n\n\n<p>Od kilku lat z powodzeniem dzia\u0142amy na rynku motoryzacyjnym w Warszawie oraz okolicznych miejscowo\u015bciach. Nasze do\u015bwiadczenie pozwala nam na <strong>rzeteln\u0105 wycen\u0119<\/strong> ka\u017cdego pojazdu, niezale\u017cnie od jego marki, modelu czy stanu technicznego. Zaufaj specjalistom, kt\u00f3rzy o samochodach wiedz\u0105 wszystko i ceni\u0105 Tw\u00f3j czas tak samo jak Ty.<\/p>\n\n\n\n<hr class=\"wp-block-separator has-alpha-channel-opacity\"\/>\n\n\n\n<h3 class=\"wp-block-heading\">Dlaczego warto nam zaufa\u0107?<\/h3>\n\n\n\n<ul class=\"wp-block-list\">\n<li><strong>P\u0142atno\u015b\u0107 tak, jak lubisz:<\/strong> Oferujemy pe\u0142n\u0105 dowolno\u015b\u0107 \u2013 wyp\u0142acamy <strong>got\u00f3wk\u0119 do r\u0119ki<\/strong> natychmiast po podpisaniu dokument\u00f3w lub realizujemy <strong>b\u0142yskawiczny przelew<\/strong> na Twoje konto bankowe.<\/li>\n\n\n\n<li><strong>Minimum formalno\u015bci:<\/strong> Sprzeda\u017c auta u nas jest banalnie prosta. Ca\u0142y proces zamykamy w sporz\u0105dzeniu przejrzystej <strong>umowy kupna-sprzeda\u017cy<\/strong>. Nie musisz martwi\u0107 si\u0119 o zb\u0119dn\u0105 biurokracj\u0119 \u2013 my dbamy o to, by transakcja by\u0142a czysta i legalna.<\/li>\n\n\n\n<li><strong>Wycena oparta na do\u015bwiadczeniu:<\/strong> Nie rzucamy kwot \u201ez sufitu\u201d. Dzi\u0119ki wieloletniej obecno\u015bci w bran\u017cy, analizujemy stan Twojego auta rzetelnie, oferuj\u0105c uczciwe i atrakcyjne stawki rynkowe.<\/li>\n\n\n\n<li><strong>Skupujemy ka\u017cdy pojazd:<\/strong> Interesuj\u0105 nas auta od os\u00f3b prywatnych oraz flot firmowych. Niezale\u017cnie czy to zadbane BMW, auto dostawcze, czy pojazd wymagaj\u0105cy poprawek \u2013 u nas zawsze otrzymasz ofert\u0119.<\/li>\n<\/ul>\n\n\n\n<p><strong>Chcesz sprzeda\u0107 sw\u00f3j samoch\u00f3d bez marnowania czasu na dziesi\u0105tki telefon\u00f3w i nies\u0142ownych kupc\u00f3w? Jeste\u015bmy tu, aby Ci to u\u0142atwi\u0107.<\/strong><\/p>\n\n\n\n<hr class=\"wp-block-separator has-alpha-channel-opacity\"\/>\n\n\n\n<h2 class=\"wp-block-heading\">Dzia\u0142amy tam, gdzie Ty!<\/h2>\n\n\n\n<p>Dotrzemy do naszych klient\u00f3w w ca\u0142ej aglomeracji. Obs\u0142ugujemy m.in.:<\/p>\n\n\n\n<ul class=\"wp-block-list\">\n<li><strong>Warszaw\u0119<\/strong> (Mokot\u00f3w, Ursyn\u00f3w, Bia\u0142o\u0142\u0119ka i wszystkie pozosta\u0142e dzielnice),<\/li>\n\n\n\n<li><strong>Wo\u0142omin, Zielonk\u0119 i koby\u0142k\u0119<\/strong>,<\/li>\n\n\n\n<li><strong>Legionowo, Mi\u0144sk Mazowiecki, Piaseczno<\/strong>,<\/li>\n\n\n\n<li>&#8230;a tak\u017ce dalsze rejony, jak <strong>Radom czy \u0141\u00f3d\u017a<\/strong>.<\/li>\n<\/ul>\n\n\n\n<hr class=\"wp-block-separator has-alpha-channel-opacity\"\/>\n\n\n\n<h3 class=\"wp-block-heading\">Sprzedaj auto w 3 prostych krokach:<\/h3>\n\n\n\n<ol start=\"1\" class=\"wp-block-list\">\n<li><strong>Kontakt: <\/strong>Zadzwo\u0144 do nas, napisz e-mail lub wype\u0142nij formularz na stronie.<\/li>\n\n\n\n<li><strong>wycena: <\/strong>Przyjedziemy pod wskazany adres, obejrzymy auto i zaproponujemy konkretn\u0105 kwot\u0119.<\/li>\n\n\n\n<li><strong>Got\u00f3wka i umowa:<\/strong> Podpisujemy umow\u0119 kupna-sprzeda\u017cy, a Ty otrzymujesz pieni\u0105dze od r\u0119ki.<\/li>\n<\/ol>\n\n\n\n<p><strong>Zapomnij o wystawianiu og\u0142osze\u0144 i czekaniu tygodniami na klienta. Daj nam udowodni\u0107, \u017ce skup aut mo\u017ce by\u0107 \u0142atwy, korzystny i ca\u0142kowicie bezproblemowy.<\/strong><\/p>\n\n\n\n<hr class=\"wp-block-separator has-alpha-channel-opacity\"\/>\n<\/div><\/div>\n\n<\/div><\/div>\n\n<style>.kb-row-layout-id2_aa3333-fc > .kt-row-column-wrap{align-content:start;}:where(.kb-row-layout-id2_aa3333-fc > .kt-row-column-wrap) > .wp-block-kadence-column{justify-content:start;}.kb-row-layout-id2_aa3333-fc > .kt-row-column-wrap{column-gap:var(--global-kb-gap-md, 2rem);row-gap:var(--global-kb-gap-md, 2rem);max-width:1000px;margin-left:auto;margin-right:auto;padding-top:var(--global-kb-spacing-sm, 1.5rem);padding-bottom:var(--global-kb-spacing-sm, 1.5rem);min-height:1px;grid-template-columns:minmax(0, 1fr);}.kb-row-layout-id2_aa3333-fc > .kt-row-layout-overlay{opacity:0.30;}@media all and (max-width: 1024px){.kb-row-layout-id2_aa3333-fc > .kt-row-column-wrap{grid-template-columns:minmax(0, 1fr);}}@media all and (max-width: 767px){.kb-row-layout-id2_aa3333-fc > .kt-row-column-wrap{grid-template-columns:minmax(0, 1fr);}}<\/style><div class=\"kb-row-layout-wrap kb-row-layout-id2_aa3333-fc alignnone wp-block-kadence-rowlayout\"><div class=\"kt-row-column-wrap kt-has-1-columns kt-row-layout-equal kt-tab-layout-inherit kt-mobile-layout-row kt-row-valign-top\">\n<style>.kadence-column2_e4f5d1-32 > .kt-inside-inner-col,.kadence-column2_e4f5d1-32 > .kt-inside-inner-col:before{border-top-left-radius:0px;border-top-right-radius:0px;border-bottom-right-radius:0px;border-bottom-left-radius:0px;}.kadence-column2_e4f5d1-32 > .kt-inside-inner-col{column-gap:var(--global-kb-gap-sm, 1rem);}.kadence-column2_e4f5d1-32 > .kt-inside-inner-col{flex-direction:column;}.kadence-column2_e4f5d1-32 > .kt-inside-inner-col > .aligncenter{width:100%;}.kadence-column2_e4f5d1-32 > .kt-inside-inner-col:before{opacity:0.3;}.kadence-column2_e4f5d1-32{position:relative;}@media all and (max-width: 1024px){.kadence-column2_e4f5d1-32 > .kt-inside-inner-col{flex-direction:column;justify-content:center;}}@media all and (max-width: 767px){.kadence-column2_e4f5d1-32 > .kt-inside-inner-col{flex-direction:column;justify-content:center;}}<\/style>\n<div class=\"wp-block-kadence-column kadence-column2_e4f5d1-32\"><div class=\"kt-inside-inner-col\">\n<h2 class=\"wp-block-heading\" id=\"kontakt\">Skontaktuj si\u0119 z nami<\/h2>\n<\/div><\/div>\n\n<\/div><\/div>\n\n<style>.kb-row-layout-id2_6ef12f-9c > .kt-row-column-wrap{align-content:start;}:where(.kb-row-layout-id2_6ef12f-9c > .kt-row-column-wrap) > .wp-block-kadence-column{justify-content:start;}.kb-row-layout-id2_6ef12f-9c > .kt-row-column-wrap{column-gap:var(--global-kb-gap-md, 2rem);row-gap:var(--global-kb-gap-md, 2rem);max-width:1000px;margin-left:auto;margin-right:auto;padding-top:var(--global-kb-spacing-sm, 1.5rem);padding-bottom:var(--global-kb-spacing-sm, 1.5rem);grid-template-columns:minmax(0, calc(50% - ((var(--global-kb-gap-md, 2rem) * 1 )\/2)))minmax(0, calc(50% - ((var(--global-kb-gap-md, 2rem) * 1 )\/2)));}.kb-row-layout-id2_6ef12f-9c > .kt-row-layout-overlay{opacity:0.30;}@media all and (max-width: 1024px){.kb-row-layout-id2_6ef12f-9c > .kt-row-column-wrap{grid-template-columns:repeat(2, minmax(0, 1fr));}}@media all and (max-width: 767px){.kb-row-layout-id2_6ef12f-9c > .kt-row-column-wrap{grid-template-columns:minmax(0, 1fr);}}<\/style><div class=\"kb-row-layout-wrap kb-row-layout-id2_6ef12f-9c alignnone wp-block-kadence-rowlayout\"><div class=\"kt-row-column-wrap kt-has-2-columns kt-row-layout-equal kt-tab-layout-inherit kt-mobile-layout-row kt-row-valign-top\">\n<style>.kadence-column2_899802-f6 > .kt-inside-inner-col,.kadence-column2_899802-f6 > .kt-inside-inner-col:before{border-top-left-radius:0px;border-top-right-radius:0px;border-bottom-right-radius:0px;border-bottom-left-radius:0px;}.kadence-column2_899802-f6 > .kt-inside-inner-col{column-gap:var(--global-kb-gap-sm, 1rem);}.kadence-column2_899802-f6 > .kt-inside-inner-col{flex-direction:column;}.kadence-column2_899802-f6 > .kt-inside-inner-col > .aligncenter{width:100%;}.kadence-column2_899802-f6 > .kt-inside-inner-col:before{opacity:0.3;}.kadence-column2_899802-f6{position:relative;}@media all and (max-width: 1024px){.kadence-column2_899802-f6 > .kt-inside-inner-col{flex-direction:column;justify-content:center;}}@media all and (max-width: 767px){.kadence-column2_899802-f6 > .kt-inside-inner-col{flex-direction:column;justify-content:center;}}<\/style>\n<div class=\"wp-block-kadence-column kadence-column2_899802-f6\"><div class=\"kt-inside-inner-col\"><style>.kt-svg-icons2_91430c-cc .kt-svg-item-0 .kb-svg-icon-wrap{color:var(--global-palette4, #2D3748);font-size:50px;}.wp-block-kadence-icon.kt-svg-icons2_91430c-cc{justify-content:center;}<\/style>\n<div class=\"wp-block-kadence-icon kt-svg-icons kt-svg-icons2_91430c-cc alignnone\"><style>.kt-svg-item-2_aa69b7-e1 .kb-svg-icon-wrap, .kt-svg-style-stacked.kt-svg-item-2_aa69b7-e1 .kb-svg-icon-wrap{font-size:50px;}<\/style>\n<div class=\"wp-block-kadence-single-icon kt-svg-style-default kt-svg-icon-wrap kt-svg-item-2_aa69b7-e1\"><span class=\"kb-svg-icon-wrap kb-svg-icon-kb_email-solid\"><svg viewBox=\"0 0 24 24\"  fill=\"currentColor\" xmlns=\"http:\/\/www.w3.org\/2000\/svg\"  aria-hidden=\"true\"><path d=\"M12 12.5l9-5.06V6c0-1.1-.9-2-2-2H5c-1.1 0-2 .9-2 2v1.44l9 5.06z\"\/><path d=\"M12 13.5l-9-5.06V18c0 1.1.9 2 2 2h14c1.1 0 2-.9 2-2V8.44l-9 5.06z\"\/><\/svg><\/span><\/div>\n<\/div>\n\n\n\n<p class=\"has-text-align-center\">kontakt@autoskupwawa.com<\/p>\n<\/div><\/div>\n\n\n<style>.kadence-column2_aadd24-9c > .kt-inside-inner-col,.kadence-column2_aadd24-9c > .kt-inside-inner-col:before{border-top-left-radius:0px;border-top-right-radius:0px;border-bottom-right-radius:0px;border-bottom-left-radius:0px;}.kadence-column2_aadd24-9c > .kt-inside-inner-col{column-gap:var(--global-kb-gap-sm, 1rem);}.kadence-column2_aadd24-9c > .kt-inside-inner-col{flex-direction:column;}.kadence-column2_aadd24-9c > .kt-inside-inner-col > .aligncenter{width:100%;}.kadence-column2_aadd24-9c > .kt-inside-inner-col:before{opacity:0.3;}.kadence-column2_aadd24-9c{position:relative;}@media all and (max-width: 1024px){.kadence-column2_aadd24-9c > .kt-inside-inner-col{flex-direction:column;justify-content:center;}}@media all and (max-width: 767px){.kadence-column2_aadd24-9c > .kt-inside-inner-col{flex-direction:column;justify-content:center;}}<\/style>\n<div class=\"wp-block-kadence-column kadence-column2_aadd24-9c\"><div class=\"kt-inside-inner-col\"><style>.kt-svg-icons2_8fc1eb-e8 .kt-svg-item-0 .kb-svg-icon-wrap{color:var(--global-palette4, #2D3748);font-size:50px;}.wp-block-kadence-icon.kt-svg-icons2_8fc1eb-e8{justify-content:center;}<\/style>\n<div class=\"wp-block-kadence-icon kt-svg-icons kt-svg-icons2_8fc1eb-e8 alignnone\"><style>.kt-svg-item-2_2cdecb-d3 .kb-svg-icon-wrap, .kt-svg-style-stacked.kt-svg-item-2_2cdecb-d3 .kb-svg-icon-wrap{font-size:50px;}<\/style>\n<div class=\"wp-block-kadence-single-icon kt-svg-style-default kt-svg-icon-wrap kt-svg-item-2_2cdecb-d3\"><span class=\"kb-svg-icon-wrap kb-svg-icon-fas_phone\"><svg viewBox=\"0 0 512 512\"  fill=\"currentColor\" xmlns=\"http:\/\/www.w3.org\/2000\/svg\"  aria-hidden=\"true\"><path d=\"M493.4 24.6l-104-24c-11.3-2.6-22.9 3.3-27.5 13.9l-48 112c-4.2 9.8-1.4 21.3 6.9 28l60.6 49.6c-36 76.7-98.9 140.5-177.2 177.2l-49.6-60.6c-6.8-8.3-18.2-11.1-28-6.9l-112 48C3.9 366.5-2 378.1.6 389.4l24 104C27.1 504.2 36.7 512 48 512c256.1 0 464-207.5 464-464 0-11.2-7.7-20.9-18.6-23.4z\"\/><\/svg><\/span><\/div>\n<\/div>\n\n\n\n<p class=\"has-text-align-center\">501-520-524<\/p>\n<\/div><\/div>\n\n<\/div><\/div>\n\n<style>.kb-row-layout-id2_e683d0-20 > .kt-row-column-wrap{align-content:start;}:where(.kb-row-layout-id2_e683d0-20 > .kt-row-column-wrap) > .wp-block-kadence-column{justify-content:start;}.kb-row-layout-id2_e683d0-20 > .kt-row-column-wrap{column-gap:var(--global-kb-gap-md, 2rem);row-gap:var(--global-kb-gap-md, 2rem);max-width:1000px;margin-left:auto;margin-right:auto;padding-top:var(--global-kb-spacing-sm, 1.5rem);padding-bottom:var(--global-kb-spacing-sm, 1.5rem);grid-template-columns:minmax(0, 1fr);}.kb-row-layout-id2_e683d0-20 > .kt-row-layout-overlay{opacity:0.30;}@media all and (max-width: 1024px){.kb-row-layout-id2_e683d0-20 > .kt-row-column-wrap{grid-template-columns:minmax(0, 1fr);}}@media all and (max-width: 767px){.kb-row-layout-id2_e683d0-20 > .kt-row-column-wrap{grid-template-columns:minmax(0, 1fr);}}<\/style><div class=\"kb-row-layout-wrap kb-row-layout-id2_e683d0-20 alignnone wp-block-kadence-rowlayout\"><div class=\"kt-row-column-wrap kt-has-1-columns kt-row-layout-equal kt-tab-layout-inherit kt-mobile-layout-row kt-row-valign-top\">\n<style>.kadence-column2_bdbdb5-a1 > .kt-inside-inner-col,.kadence-column2_bdbdb5-a1 > .kt-inside-inner-col:before{border-top-left-radius:0px;border-top-right-radius:0px;border-bottom-right-radius:0px;border-bottom-left-radius:0px;}.kadence-column2_bdbdb5-a1 > .kt-inside-inner-col{column-gap:var(--global-kb-gap-sm, 1rem);}.kadence-column2_bdbdb5-a1 > .kt-inside-inner-col{flex-direction:column;}.kadence-column2_bdbdb5-a1 > .kt-inside-inner-col > .aligncenter{width:100%;}.kadence-column2_bdbdb5-a1 > .kt-inside-inner-col:before{opacity:0.3;}.kadence-column2_bdbdb5-a1{position:relative;}@media all and (max-width: 1024px){.kadence-column2_bdbdb5-a1 > .kt-inside-inner-col{flex-direction:column;justify-content:center;}}@media all and (max-width: 767px){.kadence-column2_bdbdb5-a1 > .kt-inside-inner-col{flex-direction:column;justify-content:center;}}<\/style>\n<div class=\"wp-block-kadence-column kadence-column2_bdbdb5-a1\"><div class=\"kt-inside-inner-col\"><div class=\"wp-block-kadence-advanced-form wp-block-kadence-advanced-form68-cpt-id kb-adv-form-label-style-normal kb-adv-form-input-size-standard kb-form-basic-style wp-block-kadence-advanced-form\"><form id=\"kb-adv-form-68-cpt-id\" class=\"kb-advanced-form\" method=\"post\">\n<style>.kb-row-layout-id2_3d64b3-08 > .kt-row-column-wrap{align-content:start;}:where(.kb-row-layout-id2_3d64b3-08 > .kt-row-column-wrap) > .wp-block-kadence-column{justify-content:start;}.kb-row-layout-id2_3d64b3-08 > .kt-row-column-wrap{column-gap:var(--global-kb-gap-md, 2rem);row-gap:var(--global-kb-gap-md, 2rem);padding-top:0px;padding-right:0px;padding-bottom:0px;padding-left:0px;grid-template-columns:repeat(2, minmax(0, 1fr));}.kb-row-layout-id2_3d64b3-08 > .kt-row-layout-overlay{opacity:0.30;}@media all and (max-width: 1024px){.kb-row-layout-id2_3d64b3-08 > .kt-row-column-wrap{grid-template-columns:repeat(2, minmax(0, 1fr));}}@media all and (max-width: 767px){.kb-row-layout-id2_3d64b3-08 > .kt-row-column-wrap{grid-template-columns:minmax(0, 1fr);}}<\/style><div class=\"kb-row-layout-wrap kb-row-layout-id2_3d64b3-08 alignnone wp-block-kadence-rowlayout\"><div class=\"kt-row-column-wrap kt-has-2-columns kt-row-layout-equal kt-tab-layout-inherit kt-mobile-layout-row kt-row-valign-top\">\n<style>.kadence-column2_e059a9-78 > .kt-inside-inner-col,.kadence-column2_e059a9-78 > .kt-inside-inner-col:before{border-top-left-radius:0px;border-top-right-radius:0px;border-bottom-right-radius:0px;border-bottom-left-radius:0px;}.kadence-column2_e059a9-78 > .kt-inside-inner-col{column-gap:var(--global-kb-gap-sm, 1rem);}.kadence-column2_e059a9-78 > .kt-inside-inner-col{flex-direction:column;}.kadence-column2_e059a9-78 > .kt-inside-inner-col > .aligncenter{width:100%;}.kadence-column2_e059a9-78 > .kt-inside-inner-col:before{opacity:0.3;}.kadence-column2_e059a9-78{position:relative;}@media all and (max-width: 1024px){.kadence-column2_e059a9-78 > .kt-inside-inner-col{flex-direction:column;justify-content:center;}}@media all and (max-width: 767px){.kadence-column2_e059a9-78 > .kt-inside-inner-col{flex-direction:column;justify-content:center;}}<\/style>\n<div class=\"wp-block-kadence-column kadence-column2_e059a9-78\"><div class=\"kt-inside-inner-col\"><div class=\"kb-adv-form-field kb-adv-form-text-type-input kb-adv-form-infield-type-input kb-field689f0004-4f wp-block-kadence-advanced-form-text\"><label class=\"kb-adv-form-label\" for=\"field689f0004-4f\">Nazwa<\/label><input name=\"field9f0004-4f\" id=\"field689f0004-4f\" data-label=\"Nazwa\" type=\"text\" placeholder=\"\" value=\"\" data-type=\"text\" class=\"kb-field kb-text-field\" data-required=\"no\" \/><\/div><\/div><\/div>\n\n\n<style>.kadence-column2_324a0b-d2 > .kt-inside-inner-col,.kadence-column2_324a0b-d2 > .kt-inside-inner-col:before{border-top-left-radius:0px;border-top-right-radius:0px;border-bottom-right-radius:0px;border-bottom-left-radius:0px;}.kadence-column2_324a0b-d2 > .kt-inside-inner-col{column-gap:var(--global-kb-gap-sm, 1rem);}.kadence-column2_324a0b-d2 > .kt-inside-inner-col{flex-direction:column;}.kadence-column2_324a0b-d2 > .kt-inside-inner-col > .aligncenter{width:100%;}.kadence-column2_324a0b-d2 > .kt-inside-inner-col:before{opacity:0.3;}.kadence-column2_324a0b-d2{position:relative;}@media all and (max-width: 1024px){.kadence-column2_324a0b-d2 > .kt-inside-inner-col{flex-direction:column;justify-content:center;}}@media all and (max-width: 767px){.kadence-column2_324a0b-d2 > .kt-inside-inner-col{flex-direction:column;justify-content:center;}}<\/style>\n<div class=\"wp-block-kadence-column kadence-column2_324a0b-d2\"><div class=\"kt-inside-inner-col\"><div class=\"kb-adv-form-field kb-adv-form-text-type-input kb-adv-form-infield-type-input kb-field6814b0c8-64 wp-block-kadence-advanced-form-email\"><label class=\"kb-adv-form-label\" for=\"field6814b0c8-64\">Email<span class=\"kb-adv-form-required\">*<\/span><\/label><input name=\"field14b0c8-64\" id=\"field6814b0c8-64\" data-label=\"Email\" type=\"email\" placeholder=\"\" value=\"\" data-type=\"email\" class=\"kb-field kb-email-field\" data-required=\"yes\" required aria-required=\"true\"\/><\/div><\/div><\/div>\n\n<\/div><\/div>\n\n<div class=\"kb-adv-form-field kb-adv-form-text-type-input kb-adv-form-infield-type-input kb-field68e736f4-db wp-block-kadence-advanced-form-textarea\"><label class=\"kb-adv-form-label\" for=\"field68e736f4-db\">Wpisz tre\u015b\u0107<span class=\"kb-adv-form-required\">*<\/span><\/label><textarea name=\"fielde736f4-db\" id=\"field68e736f4-db\" rows=\"3\"  data-label=\"Wpisz tre\u015b\u0107\" placeholder=\"\" data-type=\"textarea\" class=\"kb-field kb-textarea-field\" data-required=\"yes\" required aria-required=\"true\"><\/textarea><\/div>\n\n<style>ul.menu .kb-submit-field .kb-btna2bc8a-4f.kb-button{width:initial;}.kb-submit-field.kb-fielda2bc8a-4f{justify-content:flex-start;}<\/style><div class=\"kb-adv-form-field kb-submit-field kb-fielda2bc8a-4f wp-block-kadence-advanced-form-submit\"><button class=\"kb-button kt-button button kb-adv-form-submit-button kb-btna2bc8a-4f kt-btn-size-standard kt-btn-width-type-auto kb-btn-global-fill kt-btn-has-text-true kt-btn-has-svg-false\" type=\"submit\"><span class=\"kt-btn-inner-text\">Wy\u015blij<\/span><\/button><\/div>\n<input type=\"hidden\" name=\"_kb_adv_form_post_id\" value=\"68\"><input type=\"hidden\" name=\"action\" value=\"kb_process_advanced_form_submit\"><input type=\"hidden\" name=\"_kb_adv_form_id\" value=\"68-cpt-id\"><\/form><\/div><\/div><\/div>\n\n<\/div><\/div>\n\n\n<p><\/p>\n","protected":false},"excerpt":{"rendered":"<p>Auto Skup Warszawa Skup Aut Warszawa i Okolice \u2013 Szybko, Rzetelnie i Bez Formalno\u015bci Od kilku lat z powodzeniem dzia\u0142amy na rynku motoryzacyjnym w Warszawie oraz okolicznych miejscowo\u015bciach. Nasze do\u015bwiadczenie pozwala nam na rzeteln\u0105 wycen\u0119 ka\u017cdego pojazdu, niezale\u017cnie od jego marki, modelu czy stanu technicznego. Zaufaj specjalistom, kt\u00f3rzy o samochodach wiedz\u0105 wszystko i ceni\u0105 Tw\u00f3j&#8230;<\/p>\n","protected":false},"author":1,"featured_media":13,"parent":0,"menu_order":0,"comment_status":"closed","ping_status":"open","template":"","meta":{"_kad_post_transparent":"enable","_kad_post_title":"hide","_kad_post_layout":"fullwidth","_kad_post_sidebar_id":"","_kad_post_content_style":"unboxed","_kad_post_vertical_padding":"","_kad_post_feature":"","_kad_post_feature_position":"","_kad_post_header":false,"_kad_post_footer":true,"_kad_post_classname":"","footnotes":""},"class_list":["post-2","page","type-page","status-publish","has-post-thumbnail","hentry"],"_links":{"self":[{"href":"https:\/\/autoskupwawa.com\/index.php?rest_route=\/wp\/v2\/pages\/2","targetHints":{"allow":["GET"]}}],"collection":[{"href":"https:\/\/autoskupwawa.com\/index.php?rest_route=\/wp\/v2\/pages"}],"about":[{"href":"https:\/\/autoskupwawa.com\/index.php?rest_route=\/wp\/v2\/types\/page"}],"author":[{"embeddable":true,"href":"https:\/\/autoskupwawa.com\/index.php?rest_route=\/wp\/v2\/users\/1"}],"replies":[{"embeddable":true,"href":"https:\/\/autoskupwawa.com\/index.php?rest_route=%2Fwp%2Fv2%2Fcomments&post=2"}],"version-history":[{"count":37,"href":"https:\/\/autoskupwawa.com\/index.php?rest_route=\/wp\/v2\/pages\/2\/revisions"}],"predecessor-version":[{"id":99,"href":"https:\/\/autoskupwawa.com\/index.php?rest_route=\/wp\/v2\/pages\/2\/revisions\/99"}],"wp:featuredmedia":[{"embeddable":true,"href":"https:\/\/autoskupwawa.com\/index.php?rest_route=\/wp\/v2\/media\/13"}],"wp:attachment":[{"href":"https:\/\/autoskupwawa.com\/index.php?rest_route=%2Fwp%2Fv2%2Fmedia&parent=2"}],"curies":[{"name":"wp","href":"https:\/\/api.w.org\/{rel}","templated":true}]}}